{"id":327,"date":"2025-10-17T20:54:25","date_gmt":"2025-10-17T20:54:25","guid":{"rendered":"https:\/\/www.kestavatkeikat.fi\/?page_id=327"},"modified":"2025-10-21T21:40:22","modified_gmt":"2025-10-21T21:40:22","slug":"yhteystiedot","status":"publish","type":"page","link":"https:\/\/www.kestavatkeikat.fi\/?page_id=327","title":{"rendered":"Yhteystiedot"},"content":{"rendered":"<div class=\"is-default-size wp-block-site-logo\"><a href=\"https:\/\/www.kestavatkeikat.fi\/\" class=\"custom-logo-link\" rel=\"home\"><img fetchpriority=\"high\" decoding=\"async\" width=\"2084\" height=\"2084\" src=\"https:\/\/www.kestavatkeikat.fi\/wp-content\/uploads\/2025\/09\/cropped-Kestavat_Keikat_logo.jpg\" class=\"custom-logo\" alt=\"Kest&auml;v&auml;t keikat\" srcset=\"https:\/\/www.kestavatkeikat.fi\/wp-content\/uploads\/2025\/09\/cropped-Kestavat_Keikat_logo.jpg 2084w, https:\/\/www.kestavatkeikat.fi\/wp-content\/uploads\/2025\/09\/cropped-Kestavat_Keikat_logo-300x300.jpg 300w, https:\/\/www.kestavatkeikat.fi\/wp-content\/uploads\/2025\/09\/cropped-Kestavat_Keikat_logo-1024x1024.jpg 1024w, https:\/\/www.kestavatkeikat.fi\/wp-content\/uploads\/2025\/09\/cropped-Kestavat_Keikat_logo-150x150.jpg 150w, https:\/\/www.kestavatkeikat.fi\/wp-content\/uploads\/2025\/09\/cropped-Kestavat_Keikat_logo-768x768.jpg 768w, https:\/\/www.kestavatkeikat.fi\/wp-content\/uploads\/2025\/09\/cropped-Kestavat_Keikat_logo-1536x1536.jpg 1536w, https:\/\/www.kestavatkeikat.fi\/wp-content\/uploads\/2025\/09\/cropped-Kestavat_Keikat_logo-2048x2048.jpg 2048w\" sizes=\"(max-width: 2084px) 100vw, 2084px\" \/><\/a><\/div>\n\n\n<p><\/p>\n\n\n\n<p>Ota yhteytt\u00e4: lauri@kestavatkeikat.fi<\/p>\n\n\n\n<p>Kest\u00e4v\u00e4t keikat -palvelun tuottaa Alhoj\u00e4rvi Consulting Oy.<\/p>\n\n\n\n<p><\/p>\n","protected":false},"excerpt":{"rendered":"<p>Ota yhteytt\u00e4: lauri@kestavatkeikat.fi Kest\u00e4v\u00e4t keikat -palvelun tuottaa Alhoj\u00e4rvi Consulting Oy.<\/p>\n","protected":false},"author":1,"featured_media":0,"parent":0,"menu_order":0,"comment_status":"closed","ping_status":"closed","template":"","meta":{"_themeisle_gutenberg_block_has_review":false,"footnotes":""},"class_list":["post-327","page","type-page","status-publish","hentry"],"_links":{"self":[{"href":"https:\/\/www.kestavatkeikat.fi\/index.php?rest_route=\/wp\/v2\/pages\/327","targetHints":{"allow":["GET"]}}],"collection":[{"href":"https:\/\/www.kestavatkeikat.fi\/index.php?rest_route=\/wp\/v2\/pages"}],"about":[{"href":"https:\/\/www.kestavatkeikat.fi\/index.php?rest_route=\/wp\/v2\/types\/page"}],"author":[{"embeddable":true,"href":"https:\/\/www.kestavatkeikat.fi\/index.php?rest_route=\/wp\/v2\/users\/1"}],"replies":[{"embeddable":true,"href":"https:\/\/www.kestavatkeikat.fi\/index.php?rest_route=%2Fwp%2Fv2%2Fcomments&post=327"}],"version-history":[{"count":3,"href":"https:\/\/www.kestavatkeikat.fi\/index.php?rest_route=\/wp\/v2\/pages\/327\/revisions"}],"predecessor-version":[{"id":365,"href":"https:\/\/www.kestavatkeikat.fi\/index.php?rest_route=\/wp\/v2\/pages\/327\/revisions\/365"}],"wp:attachment":[{"href":"https:\/\/www.kestavatkeikat.fi\/index.php?rest_route=%2Fwp%2Fv2%2Fmedia&parent=327"}],"curies":[{"name":"wp","href":"https:\/\/api.w.org\/{rel}","templated":true}]}}