{"id":302,"date":"2025-10-17T10:08:29","date_gmt":"2025-10-17T10:08:29","guid":{"rendered":"https:\/\/www.kestavatkeikat.fi\/?page_id=302"},"modified":"2026-01-22T16:30:13","modified_gmt":"2026-01-22T16:30:13","slug":"tarkistuslista","status":"publish","type":"page","link":"https:\/\/www.kestavatkeikat.fi\/?page_id=302","title":{"rendered":"Tarkistuslista"},"content":{"rendered":"\n<p>T\u00e4\u00e4lt\u00e4 p\u00e4\u00e4set lataamaan maksuttoman tarkistuslistan. Siihen kannattaa perehty\u00e4 rauhassa koko b\u00e4ndin voimin. Kun koette t\u00e4ytt\u00e4v\u00e4nne v\u00e4hint\u00e4\u00e4n puolet kriteereist\u00e4, voitte varata ajan auditointiin l\u00e4hett\u00e4m\u00e4ll\u00e4 s\u00e4hk\u00f6postia osoitteeseen lauri@kestavatkeikat.fi. Auditoinnissa k\u00e4ymme l\u00e4pi vastauksianne, onnistumisia ja kehityskohteita. Auditoinnin hinta on 79 \u20ac + alv 25,5 %, ja sen l\u00e4p\u00e4iseminen oikeuttaa k\u00e4ytt\u00e4m\u00e4\u00e4n Kest\u00e4v\u00e4t keikat -merkki\u00e4. Merkist\u00e4 fanit ja keikan tilaajat tunnistavat kest\u00e4vyyden kehitt\u00e4miseen sitoutuneen artistin. <\/p>\n\n\n\n<div data-wp-interactive=\"core\/file\" class=\"wp-block-file\"><object data-wp-bind--hidden=\"!state.hasPdfPreview\" hidden class=\"wp-block-file__embed\" data=\"https:\/\/www.kestavatkeikat.fi\/wp-content\/uploads\/2025\/09\/tarkistuslista.pdf\" type=\"application\/pdf\" style=\"width:100%;height:600px\" aria-label=\"Tiedoston tarkistuslista upotus.\"><\/object><a id=\"wp-block-file--media-98302b53-9ff1-4245-a262-52c20ce3be17\" href=\"https:\/\/www.kestavatkeikat.fi\/wp-content\/uploads\/2025\/09\/tarkistuslista.pdf\">tarkistuslista<\/a><a href=\"https:\/\/www.kestavatkeikat.fi\/wp-content\/uploads\/2025\/09\/tarkistuslista.pdf\" class=\"wp-block-file__button wp-element-button\" download aria-describedby=\"wp-block-file--media-98302b53-9ff1-4245-a262-52c20ce3be17\">Lataa<\/a><\/div>\n\n\n<div class=\"is-default-size wp-block-site-logo\"><a href=\"https:\/\/www.kestavatkeikat.fi\/\" class=\"custom-logo-link\" rel=\"home\"><img fetchpriority=\"high\" decoding=\"async\" width=\"2084\" height=\"2084\" src=\"https:\/\/www.kestavatkeikat.fi\/wp-content\/uploads\/2025\/09\/cropped-Kestavat_Keikat_logo.jpg\" class=\"custom-logo\" alt=\"Kest&auml;v&auml;t keikat\" srcset=\"https:\/\/www.kestavatkeikat.fi\/wp-content\/uploads\/2025\/09\/cropped-Kestavat_Keikat_logo.jpg 2084w, https:\/\/www.kestavatkeikat.fi\/wp-content\/uploads\/2025\/09\/cropped-Kestavat_Keikat_logo-300x300.jpg 300w, https:\/\/www.kestavatkeikat.fi\/wp-content\/uploads\/2025\/09\/cropped-Kestavat_Keikat_logo-1024x1024.jpg 1024w, https:\/\/www.kestavatkeikat.fi\/wp-content\/uploads\/2025\/09\/cropped-Kestavat_Keikat_logo-150x150.jpg 150w, https:\/\/www.kestavatkeikat.fi\/wp-content\/uploads\/2025\/09\/cropped-Kestavat_Keikat_logo-768x768.jpg 768w, https:\/\/www.kestavatkeikat.fi\/wp-content\/uploads\/2025\/09\/cropped-Kestavat_Keikat_logo-1536x1536.jpg 1536w, https:\/\/www.kestavatkeikat.fi\/wp-content\/uploads\/2025\/09\/cropped-Kestavat_Keikat_logo-2048x2048.jpg 2048w\" sizes=\"(max-width: 2084px) 100vw, 2084px\" \/><\/a><\/div>","protected":false},"excerpt":{"rendered":"<p>T\u00e4\u00e4lt\u00e4 p\u00e4\u00e4set lataamaan maksuttoman tarkistuslistan. Siihen kannattaa perehty\u00e4 rauhassa koko b\u00e4ndin voimin. Kun koette t\u00e4ytt\u00e4v\u00e4nne v\u00e4hint\u00e4\u00e4n puolet kriteereist\u00e4, voitte varata ajan auditointiin l\u00e4hett\u00e4m\u00e4ll\u00e4 s\u00e4hk\u00f6postia osoitteeseen lauri@kestavatkeikat.fi. Auditoinnissa k\u00e4ymme l\u00e4pi vastauksianne, onnistumisia ja kehityskohteita. Auditoinnin hinta on 79 \u20ac + alv 25,5 %, ja sen l\u00e4p\u00e4iseminen oikeuttaa k\u00e4ytt\u00e4m\u00e4\u00e4n Kest\u00e4v\u00e4t keikat -merkki\u00e4. [&hellip;]<\/p>\n","protected":false},"author":1,"featured_media":0,"parent":0,"menu_order":0,"comment_status":"closed","ping_status":"closed","template":"","meta":{"_themeisle_gutenberg_block_has_review":false,"footnotes":""},"class_list":["post-302","page","type-page","status-publish","hentry"],"_links":{"self":[{"href":"https:\/\/www.kestavatkeikat.fi\/index.php?rest_route=\/wp\/v2\/pages\/302","targetHints":{"allow":["GET"]}}],"collection":[{"href":"https:\/\/www.kestavatkeikat.fi\/index.php?rest_route=\/wp\/v2\/pages"}],"about":[{"href":"https:\/\/www.kestavatkeikat.fi\/index.php?rest_route=\/wp\/v2\/types\/page"}],"author":[{"embeddable":true,"href":"https:\/\/www.kestavatkeikat.fi\/index.php?rest_route=\/wp\/v2\/users\/1"}],"replies":[{"embeddable":true,"href":"https:\/\/www.kestavatkeikat.fi\/index.php?rest_route=%2Fwp%2Fv2%2Fcomments&post=302"}],"version-history":[{"count":10,"href":"https:\/\/www.kestavatkeikat.fi\/index.php?rest_route=\/wp\/v2\/pages\/302\/revisions"}],"predecessor-version":[{"id":452,"href":"https:\/\/www.kestavatkeikat.fi\/index.php?rest_route=\/wp\/v2\/pages\/302\/revisions\/452"}],"wp:attachment":[{"href":"https:\/\/www.kestavatkeikat.fi\/index.php?rest_route=%2Fwp%2Fv2%2Fmedia&parent=302"}],"curies":[{"name":"wp","href":"https:\/\/api.w.org\/{rel}","templated":true}]}}