{"id":212,"date":"2025-09-24T08:07:50","date_gmt":"2025-09-24T08:07:50","guid":{"rendered":"https:\/\/www.xn--kestvtkeikat-jcbb.fi\/?page_id=212"},"modified":"2026-01-15T17:00:38","modified_gmt":"2026-01-15T17:00:38","slug":"ukk","status":"publish","type":"page","link":"https:\/\/www.kestavatkeikat.fi\/?page_id=212","title":{"rendered":"UKK"},"content":{"rendered":"<div class=\"is-default-size wp-block-site-logo\"><a href=\"https:\/\/www.kestavatkeikat.fi\/\" class=\"custom-logo-link\" rel=\"home\"><img fetchpriority=\"high\" decoding=\"async\" width=\"2084\" height=\"2084\" src=\"https:\/\/www.kestavatkeikat.fi\/wp-content\/uploads\/2025\/09\/cropped-Kestavat_Keikat_logo.jpg\" class=\"custom-logo\" alt=\"Kest&auml;v&auml;t keikat\" srcset=\"https:\/\/www.kestavatkeikat.fi\/wp-content\/uploads\/2025\/09\/cropped-Kestavat_Keikat_logo.jpg 2084w, https:\/\/www.kestavatkeikat.fi\/wp-content\/uploads\/2025\/09\/cropped-Kestavat_Keikat_logo-300x300.jpg 300w, https:\/\/www.kestavatkeikat.fi\/wp-content\/uploads\/2025\/09\/cropped-Kestavat_Keikat_logo-1024x1024.jpg 1024w, https:\/\/www.kestavatkeikat.fi\/wp-content\/uploads\/2025\/09\/cropped-Kestavat_Keikat_logo-150x150.jpg 150w, https:\/\/www.kestavatkeikat.fi\/wp-content\/uploads\/2025\/09\/cropped-Kestavat_Keikat_logo-768x768.jpg 768w, https:\/\/www.kestavatkeikat.fi\/wp-content\/uploads\/2025\/09\/cropped-Kestavat_Keikat_logo-1536x1536.jpg 1536w, https:\/\/www.kestavatkeikat.fi\/wp-content\/uploads\/2025\/09\/cropped-Kestavat_Keikat_logo-2048x2048.jpg 2048w\" sizes=\"(max-width: 2084px) 100vw, 2084px\" \/><\/a><\/div>\n\n\n<p><\/p>\n\n\n\n<details class=\"wp-block-details is-layout-flow wp-block-details-is-layout-flow\"><summary><strong>Mit\u00e4 k\u00e4yt\u00e4nn\u00f6n hy\u00f6tyj\u00e4 auditoinnin suorittamisesta on?<\/strong><\/summary>\n<p>Kest\u00e4vyys on nouseva trendi my\u00f6s musiikkialalla. Moni festivaali haluaa jo panostaa kest\u00e4vyyteen, ja my\u00f6s artisteilta ruvetaan v\u00e4hitellen vaatimaan toimia. Auditoinnin l\u00e4p\u00e4isty\u00e4si saat k\u00e4ytt\u00e4\u00e4 markkinoinnissasi Kest\u00e4v\u00e4t keikat -merkki\u00e4, joka viestii yleis\u00f6lle ja buukkaajille sitoutumisestasi kest\u00e4v\u00e4mpien toimintamallien kehitt\u00e4miseen. Se on mainio myyntivaltti.<\/p>\n\n\n\n<p><\/p>\n<\/details>\n\n\n\n<details class=\"wp-block-details is-layout-flow wp-block-details-is-layout-flow\"><summary><strong>Onko ohjelma tarkoitettu vain muusikoille?<\/strong><\/summary>\n<p>Tarkistuslista painottuu toistaiseksi musiikkiin esitt\u00e4miseen, mutta ohjelmasta hy\u00f6tyv\u00e4t my\u00f6s muiden alojen artistit. Ota yhteytt\u00e4, niin p\u00e4ivitet\u00e4\u00e4n kriteerej\u00e4 toimintaasi sopivaksi. Ja jos autat uuden taiteenalan ottamisessa mukaan ohjelmaan, saat auditointisi tietysti ilmaiseksi.<\/p>\n\n\n\n<p><\/p>\n<\/details>\n\n\n\n<details class=\"wp-block-details is-layout-flow wp-block-details-is-layout-flow\"><summary><strong>Onko keikkapaikoille ja tapahtumille omaa Kest\u00e4v\u00e4t keikat -tarkistuslistaa?<\/strong><\/summary>\n<p>Ei viel\u00e4. Ne ovat tulossa my\u00f6hemmin, mutta toistaiseksi voit tukea Kest\u00e4v\u00e4t keikat -ohjelmaa valitsemalla ja markkinoimalla siihen sitoutuneita artisteja.<\/p>\n\n\n\n<p><\/p>\n<\/details>\n\n\n\n<details class=\"wp-block-details is-layout-flow wp-block-details-is-layout-flow\"><summary><strong>Onko hinta sama trubaduurille ja stadionb\u00e4ndille?<\/strong><\/summary>\n<p>On, sill\u00e4 kaikki artistit maksavat vain auditoinnista. Auditoinnin hinta on 79 \u20ac + alv 25,5 %. Ohjelman tarkoituksena on kest\u00e4vyyden edist\u00e4minen, ei rahan tekeminen. Stadionb\u00e4ndien vaikutus on suurempi, joten niilt\u00e4 vaaditaan auditoinnissa mittavampia ja konkreettisia toimia.<\/p>\n\n\n\n<p><\/p>\n<\/details>\n\n\n\n<details class=\"wp-block-details is-layout-flow wp-block-details-is-layout-flow\"><summary><strong>Miksi auditointi t\u00e4ytyy uusia vuoden v\u00e4lein?<\/strong><\/summary>\n<p>Koska maailma muuttuu jatkuvasti. Esiin nousee uusia tutkimustuloksia ja yhteyksi\u00e4, jotka on otettava huomioon. Tarkistuslistalla on t\u00e4ll\u00e4 hetkell\u00e4 50 kohtaa, mutta se p\u00e4ivittyy ja kasvaa jatkuvasti. <\/p>\n\n\n\n<p><\/p>\n<\/details>\n\n\n\n<details class=\"wp-block-details is-layout-flow wp-block-details-is-layout-flow\"><summary><strong>Mill\u00e4 kielill\u00e4 auditoinnin voi suorittaa?<\/strong><\/summary>\n<p>Tarkistuslista on toistaiseksi saatavilla vain suomeksi, mutta auditoinnin voi suorittaa my\u00f6s englanniksi ja ranskaksi. <\/p>\n\n\n\n<p><\/p>\n<\/details>\n\n\n\n<p><\/p>\n","protected":false},"excerpt":{"rendered":"","protected":false},"author":1,"featured_media":0,"parent":0,"menu_order":0,"comment_status":"closed","ping_status":"closed","template":"","meta":{"_themeisle_gutenberg_block_has_review":false,"footnotes":""},"class_list":["post-212","page","type-page","status-publish","hentry"],"_links":{"self":[{"href":"https:\/\/www.kestavatkeikat.fi\/index.php?rest_route=\/wp\/v2\/pages\/212","targetHints":{"allow":["GET"]}}],"collection":[{"href":"https:\/\/www.kestavatkeikat.fi\/index.php?rest_route=\/wp\/v2\/pages"}],"about":[{"href":"https:\/\/www.kestavatkeikat.fi\/index.php?rest_route=\/wp\/v2\/types\/page"}],"author":[{"embeddable":true,"href":"https:\/\/www.kestavatkeikat.fi\/index.php?rest_route=\/wp\/v2\/users\/1"}],"replies":[{"embeddable":true,"href":"https:\/\/www.kestavatkeikat.fi\/index.php?rest_route=%2Fwp%2Fv2%2Fcomments&post=212"}],"version-history":[{"count":18,"href":"https:\/\/www.kestavatkeikat.fi\/index.php?rest_route=\/wp\/v2\/pages\/212\/revisions"}],"predecessor-version":[{"id":446,"href":"https:\/\/www.kestavatkeikat.fi\/index.php?rest_route=\/wp\/v2\/pages\/212\/revisions\/446"}],"wp:attachment":[{"href":"https:\/\/www.kestavatkeikat.fi\/index.php?rest_route=%2Fwp%2Fv2%2Fmedia&parent=212"}],"curies":[{"name":"wp","href":"https:\/\/api.w.org\/{rel}","templated":true}]}}