{"id":210,"date":"2025-09-24T07:58:57","date_gmt":"2025-09-24T07:58:57","guid":{"rendered":"https:\/\/www.xn--kestvtkeikat-jcbb.fi\/?page_id=210"},"modified":"2025-10-21T21:04:03","modified_gmt":"2025-10-21T21:04:03","slug":"keikan-tilaajalle","status":"publish","type":"page","link":"https:\/\/www.kestavatkeikat.fi\/?page_id=210","title":{"rendered":"Keikan tilaajalle"},"content":{"rendered":"<div class=\"is-default-size wp-block-site-logo\"><a href=\"https:\/\/www.kestavatkeikat.fi\/\" class=\"custom-logo-link\" rel=\"home\"><img fetchpriority=\"high\" decoding=\"async\" width=\"2084\" height=\"2084\" src=\"https:\/\/www.kestavatkeikat.fi\/wp-content\/uploads\/2025\/09\/cropped-Kestavat_Keikat_logo.jpg\" class=\"custom-logo\" alt=\"Kest&auml;v&auml;t keikat\" srcset=\"https:\/\/www.kestavatkeikat.fi\/wp-content\/uploads\/2025\/09\/cropped-Kestavat_Keikat_logo.jpg 2084w, https:\/\/www.kestavatkeikat.fi\/wp-content\/uploads\/2025\/09\/cropped-Kestavat_Keikat_logo-300x300.jpg 300w, https:\/\/www.kestavatkeikat.fi\/wp-content\/uploads\/2025\/09\/cropped-Kestavat_Keikat_logo-1024x1024.jpg 1024w, https:\/\/www.kestavatkeikat.fi\/wp-content\/uploads\/2025\/09\/cropped-Kestavat_Keikat_logo-150x150.jpg 150w, https:\/\/www.kestavatkeikat.fi\/wp-content\/uploads\/2025\/09\/cropped-Kestavat_Keikat_logo-768x768.jpg 768w, https:\/\/www.kestavatkeikat.fi\/wp-content\/uploads\/2025\/09\/cropped-Kestavat_Keikat_logo-1536x1536.jpg 1536w, https:\/\/www.kestavatkeikat.fi\/wp-content\/uploads\/2025\/09\/cropped-Kestavat_Keikat_logo-2048x2048.jpg 2048w\" sizes=\"(max-width: 2084px) 100vw, 2084px\" \/><\/a><\/div>\n\n\n<p><\/p>\n\n\n\n<p>Kest\u00e4v\u00e4t keikat -merkist\u00e4 tunnistat artistin, joka on sitoutunut huomioimaan toiminnassaan ekologisen, sosiaalisen ja kulttuurisen kest\u00e4vyyden.<\/p>\n\n\n\n<p>Auditoinnin l\u00e4p\u00e4isseet artistit listataan t\u00e4lle sivulle kunhan niit\u00e4 kertyy hieman lis\u00e4\u00e4.<\/p>\n","protected":false},"excerpt":{"rendered":"<p>Kest\u00e4v\u00e4t keikat -merkist\u00e4 tunnistat artistin, joka on sitoutunut huomioimaan toiminnassaan ekologisen, sosiaalisen ja kulttuurisen kest\u00e4vyyden. Auditoinnin l\u00e4p\u00e4isseet artistit listataan t\u00e4lle sivulle kunhan niit\u00e4 kertyy hieman lis\u00e4\u00e4.<\/p>\n","protected":false},"author":1,"featured_media":0,"parent":0,"menu_order":0,"comment_status":"closed","ping_status":"closed","template":"","meta":{"_themeisle_gutenberg_block_has_review":false,"footnotes":""},"class_list":["post-210","page","type-page","status-publish","hentry"],"_links":{"self":[{"href":"https:\/\/www.kestavatkeikat.fi\/index.php?rest_route=\/wp\/v2\/pages\/210","targetHints":{"allow":["GET"]}}],"collection":[{"href":"https:\/\/www.kestavatkeikat.fi\/index.php?rest_route=\/wp\/v2\/pages"}],"about":[{"href":"https:\/\/www.kestavatkeikat.fi\/index.php?rest_route=\/wp\/v2\/types\/page"}],"author":[{"embeddable":true,"href":"https:\/\/www.kestavatkeikat.fi\/index.php?rest_route=\/wp\/v2\/users\/1"}],"replies":[{"embeddable":true,"href":"https:\/\/www.kestavatkeikat.fi\/index.php?rest_route=%2Fwp%2Fv2%2Fcomments&post=210"}],"version-history":[{"count":6,"href":"https:\/\/www.kestavatkeikat.fi\/index.php?rest_route=\/wp\/v2\/pages\/210\/revisions"}],"predecessor-version":[{"id":353,"href":"https:\/\/www.kestavatkeikat.fi\/index.php?rest_route=\/wp\/v2\/pages\/210\/revisions\/353"}],"wp:attachment":[{"href":"https:\/\/www.kestavatkeikat.fi\/index.php?rest_route=%2Fwp%2Fv2%2Fmedia&parent=210"}],"curies":[{"name":"wp","href":"https:\/\/api.w.org\/{rel}","templated":true}]}}