{"id":179,"date":"2025-09-15T12:11:00","date_gmt":"2025-09-15T12:11:00","guid":{"rendered":"https:\/\/www.xn--kestvtkeikat-jcbb.fi\/?page_id=179"},"modified":"2025-11-05T20:22:41","modified_gmt":"2025-11-05T20:22:41","slug":"tietoja","status":"publish","type":"page","link":"https:\/\/www.kestavatkeikat.fi\/?page_id=179","title":{"rendered":"Tarina"},"content":{"rendered":"\n<figure class=\"wp-block-image size-full\"><img fetchpriority=\"high\" decoding=\"async\" width=\"2560\" height=\"1920\" src=\"https:\/\/www.kestavatkeikat.fi\/wp-content\/uploads\/2025\/09\/IMG_1524-scaled.jpg\" alt=\"\" class=\"wp-image-182\" srcset=\"https:\/\/www.kestavatkeikat.fi\/wp-content\/uploads\/2025\/09\/IMG_1524-scaled.jpg 2560w, https:\/\/www.kestavatkeikat.fi\/wp-content\/uploads\/2025\/09\/IMG_1524-300x225.jpg 300w\" sizes=\"(max-width: 2560px) 100vw, 2560px\" \/><\/figure>\n\n\n\n<div class=\"wp-block-group is-nowrap is-layout-flex wp-container-core-group-is-layout-6c531013 wp-block-group-is-layout-flex\">\n<p>Terve! Min\u00e4 olen Lauri Alhoj\u00e4rvi, Kest\u00e4v\u00e4t keikat -ohjelman kehitt\u00e4j\u00e4. <\/p>\n<\/div>\n\n\n\n<p>Ty\u00f6skentelen kest\u00e4vyyteen erikoistuneena konsulttina. N\u00e4k\u00f6kulmani kest\u00e4vyyteen sis\u00e4lt\u00e4\u00e4 aina ymp\u00e4rist\u00f6n huomioimisen lis\u00e4ksi my\u00f6s sosiaalisen ja kulttuurisen ulottuvuuden. Toimin mm. kansainv\u00e4listen Green Destinations ja Good Travel Seal -sertifikaattien auditoijana Suomessa. N\u00e4m\u00e4 matkailun kest\u00e4vyysohjelmat on suunnattu matkailualan yrityksille ja suuremmille matkakohteille. Ne tunnetaan monipuolisina ja inhimillisin\u00e4, mutta tiukkoina sertifikaatteina. Koulutukseltani olen kulttuurintutkija.<\/p>\n\n\n\n<p>Olen kolmenkymmenen vuoden aikana my\u00f6s soittanut satoja keikkoja sek\u00e4 ty\u00f6skennellyt soitonopettajana ja b\u00e4ndileirien ohjaajana. Olin aikoinaan my\u00f6s mukana perustamassa Espoon el\u00e4v\u00e4n musiikin yhdistyst\u00e4 ja j\u00e4rjest\u00e4m\u00e4ss\u00e4 ilmaistapahtuma Meijerirockia. Kuva on otettu Abbey Roadilla, jossa \u00e4\u00e4nitimme New Silver Girlin kanssa. T\u00e4ll\u00e4 hetkell\u00e4 soitan rumpuja mm. Outi ja olevaiset -yhtyeess\u00e4 sek\u00e4 keikkailen soolona Laurin musiikkimatkat -konseptilla.<\/p>\n\n\n\n<p>Olen kipuillut maailmantuskan kanssa suurimman osan el\u00e4m\u00e4\u00e4ni, ja muiden muusikoiden kanssa jutellessani olen havainnut samankaltaisia ajatuksia. Tarve toimia on kova, mutta aloittaminen on vaikeaa. Globaalit ongelmat ovat suuria ja monimutkaisia, ja omat vaikutusmahdollisuudet tuntuvat mit\u00e4tt\u00f6milt\u00e4. Niinp\u00e4 p\u00e4\u00e4tin yhdist\u00e4\u00e4 kaksi asiantuntemusalaani maailmankin mittakaavassa ainutlaatuiseksi konseptiksi. Kest\u00e4v\u00e4t keikat -ohjelma on kehitetty p\u00e4\u00e4sem\u00e4\u00e4n alkuun paremman maailman luomisessa. Se ei ole kattava vastaus vaan pikemminkin kutsu tulla mukaan toimintaan. Ohjelma perustuu itsearviointiin ja jatkuvaan kehitykseen.<\/p>\n\n\n\n<p>Kuvavalinta on tietoinen. Viikon viett\u00e4minen Abbey Roadin kakkosstudiossa oli tietysti uskomaton kokemus. Koko l\u00e4nsimaisen kevyen musiikin historia leijui ymp\u00e4rill\u00e4. Vaan oliko minulla kaiken ymp\u00e4rist\u00f6tuhon keskell\u00e4 oikeutta lent\u00e4\u00e4 Lontooseen \u00e4\u00e4nitt\u00e4m\u00e4\u00e4n? Ehk\u00e4 ei. Kest\u00e4v\u00e4t keikat -ohjelman tarkoituksena ei ole tuomita vaan her\u00e4tt\u00e4\u00e4 pohtimaan valintojamme.<\/p>\n\n\n\n<p>Toivottavasti tarkistuslistat auttavat p\u00e4\u00e4sem\u00e4\u00e4n vauhtiin. Min\u00e4 olen mukana auttamassa. Ohjelman tarkoituksena on edist\u00e4\u00e4 kest\u00e4vyytt\u00e4, ei tehd\u00e4 rahaa. Siksi veloitan vain vapaaehtoisen auditoinnin hinnan.<\/p>\n\n\n<div class=\"is-default-size wp-block-site-logo\"><a href=\"https:\/\/www.kestavatkeikat.fi\/\" class=\"custom-logo-link\" rel=\"home\"><img decoding=\"async\" width=\"2084\" height=\"2084\" src=\"https:\/\/www.kestavatkeikat.fi\/wp-content\/uploads\/2025\/09\/cropped-Kestavat_Keikat_logo.jpg\" class=\"custom-logo\" alt=\"Kest&auml;v&auml;t keikat\" srcset=\"https:\/\/www.kestavatkeikat.fi\/wp-content\/uploads\/2025\/09\/cropped-Kestavat_Keikat_logo.jpg 2084w, https:\/\/www.kestavatkeikat.fi\/wp-content\/uploads\/2025\/09\/cropped-Kestavat_Keikat_logo-300x300.jpg 300w, https:\/\/www.kestavatkeikat.fi\/wp-content\/uploads\/2025\/09\/cropped-Kestavat_Keikat_logo-1024x1024.jpg 1024w, https:\/\/www.kestavatkeikat.fi\/wp-content\/uploads\/2025\/09\/cropped-Kestavat_Keikat_logo-150x150.jpg 150w, https:\/\/www.kestavatkeikat.fi\/wp-content\/uploads\/2025\/09\/cropped-Kestavat_Keikat_logo-768x768.jpg 768w, https:\/\/www.kestavatkeikat.fi\/wp-content\/uploads\/2025\/09\/cropped-Kestavat_Keikat_logo-1536x1536.jpg 1536w, https:\/\/www.kestavatkeikat.fi\/wp-content\/uploads\/2025\/09\/cropped-Kestavat_Keikat_logo-2048x2048.jpg 2048w\" sizes=\"(max-width: 2084px) 100vw, 2084px\" \/><\/a><\/div>\n\n\n<p><\/p>\n","protected":false},"excerpt":{"rendered":"<p>Terve! Min\u00e4 olen Lauri Alhoj\u00e4rvi, Kest\u00e4v\u00e4t keikat -ohjelman kehitt\u00e4j\u00e4. Ty\u00f6skentelen kest\u00e4vyyteen erikoistuneena konsulttina. N\u00e4k\u00f6kulmani kest\u00e4vyyteen sis\u00e4lt\u00e4\u00e4 aina ymp\u00e4rist\u00f6n huomioimisen lis\u00e4ksi my\u00f6s sosiaalisen ja kulttuurisen ulottuvuuden. Toimin mm. kansainv\u00e4listen Green Destinations ja Good Travel Seal -sertifikaattien auditoijana Suomessa. N\u00e4m\u00e4 matkailun kest\u00e4vyysohjelmat on suunnattu matkailualan yrityksille ja suuremmille matkakohteille. Ne tunnetaan monipuolisina [&hellip;]<\/p>\n","protected":false},"author":1,"featured_media":0,"parent":0,"menu_order":0,"comment_status":"closed","ping_status":"closed","template":"","meta":{"_themeisle_gutenberg_block_has_review":false,"footnotes":""},"class_list":["post-179","page","type-page","status-publish","hentry"],"_links":{"self":[{"href":"https:\/\/www.kestavatkeikat.fi\/index.php?rest_route=\/wp\/v2\/pages\/179","targetHints":{"allow":["GET"]}}],"collection":[{"href":"https:\/\/www.kestavatkeikat.fi\/index.php?rest_route=\/wp\/v2\/pages"}],"about":[{"href":"https:\/\/www.kestavatkeikat.fi\/index.php?rest_route=\/wp\/v2\/types\/page"}],"author":[{"embeddable":true,"href":"https:\/\/www.kestavatkeikat.fi\/index.php?rest_route=\/wp\/v2\/users\/1"}],"replies":[{"embeddable":true,"href":"https:\/\/www.kestavatkeikat.fi\/index.php?rest_route=%2Fwp%2Fv2%2Fcomments&post=179"}],"version-history":[{"count":10,"href":"https:\/\/www.kestavatkeikat.fi\/index.php?rest_route=\/wp\/v2\/pages\/179\/revisions"}],"predecessor-version":[{"id":423,"href":"https:\/\/www.kestavatkeikat.fi\/index.php?rest_route=\/wp\/v2\/pages\/179\/revisions\/423"}],"wp:attachment":[{"href":"https:\/\/www.kestavatkeikat.fi\/index.php?rest_route=%2Fwp%2Fv2%2Fmedia&parent=179"}],"curies":[{"name":"wp","href":"https:\/\/api.w.org\/{rel}","templated":true}]}}