{"id":175,"date":"2025-09-15T11:56:17","date_gmt":"2025-09-15T11:56:17","guid":{"rendered":"https:\/\/www.xn--kestvtkeikat-jcbb.fi\/?page_id=175"},"modified":"2026-01-22T16:23:46","modified_gmt":"2026-01-22T16:23:46","slug":"artisteille","status":"publish","type":"page","link":"https:\/\/www.kestavatkeikat.fi\/?page_id=175","title":{"rendered":"Artistille"},"content":{"rendered":"<div class=\"is-default-size wp-block-site-logo\"><a href=\"https:\/\/www.kestavatkeikat.fi\/\" class=\"custom-logo-link\" rel=\"home\"><img fetchpriority=\"high\" decoding=\"async\" width=\"2084\" height=\"2084\" src=\"https:\/\/www.kestavatkeikat.fi\/wp-content\/uploads\/2025\/09\/cropped-Kestavat_Keikat_logo.jpg\" class=\"custom-logo\" alt=\"Kest&auml;v&auml;t keikat\" srcset=\"https:\/\/www.kestavatkeikat.fi\/wp-content\/uploads\/2025\/09\/cropped-Kestavat_Keikat_logo.jpg 2084w, https:\/\/www.kestavatkeikat.fi\/wp-content\/uploads\/2025\/09\/cropped-Kestavat_Keikat_logo-300x300.jpg 300w, https:\/\/www.kestavatkeikat.fi\/wp-content\/uploads\/2025\/09\/cropped-Kestavat_Keikat_logo-1024x1024.jpg 1024w, https:\/\/www.kestavatkeikat.fi\/wp-content\/uploads\/2025\/09\/cropped-Kestavat_Keikat_logo-150x150.jpg 150w, https:\/\/www.kestavatkeikat.fi\/wp-content\/uploads\/2025\/09\/cropped-Kestavat_Keikat_logo-768x768.jpg 768w, https:\/\/www.kestavatkeikat.fi\/wp-content\/uploads\/2025\/09\/cropped-Kestavat_Keikat_logo-1536x1536.jpg 1536w, https:\/\/www.kestavatkeikat.fi\/wp-content\/uploads\/2025\/09\/cropped-Kestavat_Keikat_logo-2048x2048.jpg 2048w\" sizes=\"(max-width: 2084px) 100vw, 2084px\" \/><\/a><\/div>\n\n\n<p><\/p>\n\n\n\n<p>Tervetuloa mukaan soittamaan maailmaa paremmaksi!<\/p>\n\n\n\n<p>Kest\u00e4v\u00e4t keikat on artisteille suunnattu ohjelma toiminnan kest\u00e4vyyden arvioimiseksi ja kehitt\u00e4miseksi. Syntyideasta ja motiiveista voit lukea tarkemmin <a href=\"https:\/\/www.kestavatkeikat.fi\/?page_id=179\" data-type=\"link\" data-id=\"https:\/\/www.kestavatkeikat.fi\/?page_id=179\">t\u00e4\u00e4lt\u00e4.<\/a><\/p>\n\n\n\n<p>Konsepti on seuraava: voit ladata maksutta tarkistuslistan, jonka 50 kriteerin avulla p\u00e4\u00e4set tarkastelemaan toimintaasi ekologisen, sosiaalisen ja kulttuurisen kest\u00e4vyyden n\u00e4k\u00f6kulmasta. Lista ei ole kattava, ja se p\u00e4ivittyy jatkuvasti. Ohjelma ei edellyt\u00e4 t\u00e4ydellisyytt\u00e4, vaan se on pikemminkin kutsu toimimaan kest\u00e4v\u00e4mm\u00e4n maailman luomiseksi. Kest\u00e4v\u00e4t keikat -ohjelma perustuukin itsearviointiin ja jatkuvaan kehitykseen.<\/p>\n\n\n\n<p>Halutessasi voit lis\u00e4ksi varata auditoinnin, jossa k\u00e4ymme yhdess\u00e4 l\u00e4pi vastauksesi. Keskitymme juuri sinun kohdallasi hankaluuksia tuottaviin osa-alueisiin ja yrit\u00e4mme keksi\u00e4 ratkaisuja. Onnistuneesti suoritetun auditoinnin j\u00e4lkeen saat linkkisi nettisivullemme sek\u00e4 oikeuden k\u00e4ytt\u00e4\u00e4 Kest\u00e4v\u00e4t keikat -merkki\u00e4 markkinoinnissasi. N\u00e4in osoitat pyrkimyksesi kest\u00e4vyyteen my\u00f6s yleis\u00f6lle ja keikkojen tilaajille. Koska tarkistuslistat ja artistien tilanteet muuttuvat, merkin k\u00e4ytt\u00f6\u00f6n oikeuttava auditointi t\u00e4ytyy uusia vuoden v\u00e4lein. Artistien taloudellinen ahdinko on hyvin tiedossa, ja siksi maksat vain auditoijan ty\u00f6st\u00e4. Auditointi maksaa 79 \u20ac + alv 25,5 %.<\/p>\n\n\n\n<p>Lataa siis ensin tarkistuslista <a href=\"https:\/\/www.kestavatkeikat.fi\/?page_id=302\" data-type=\"link\" data-id=\"https:\/\/www.kestavatkeikat.fi\/?page_id=302\">t\u00e4st\u00e4.<\/a><\/p>\n\n\n\n<p>Sen j\u00e4lkeen p\u00e4\u00e4set varaamaan tunnin mittaisen auditoinnin. Se suoritetaan l\u00e4ht\u00f6kohtaisesti et\u00e4yhteydell\u00e4, ja mukaan olisi hyv\u00e4 saada mahdollisimman suuri osa yhtyeen j\u00e4senist\u00e4. Kest\u00e4v\u00e4t keikat ei ole virallinen sertifikaatti, mutta pyrimme kuitenkin v\u00e4ltt\u00e4m\u00e4\u00e4n viherpesua. Onnistunut auditointi edellytt\u00e4\u00e4 siksi, ett\u00e4 kriteereist\u00e4 t\u00e4yttyy v\u00e4hint\u00e4\u00e4n 50 %.<\/p>\n\n\n\n<p>Etenkin p\u00e4\u00e4kaupunkiseudulla auditointi voidaan sopia my\u00f6s keikan tai treenien yhteyteen. T\u00e4ss\u00e4 tapauksessa voit ottaa yhteytt\u00e4 lauri@kestavatkeikat.fi.<\/p>\n\n\n\n<p>L\u00e4p\u00e4isty auditointi osoittaa yleis\u00f6lle ja keikkojen tilaajille, ett\u00e4 artisti huomioi toiminnassaan ekologisen, sosiaalisen ja kulttuurisen kest\u00e4vyyden. <\/p>\n\n\n\n<p><\/p>\n","protected":false},"excerpt":{"rendered":"<p>Tervetuloa mukaan soittamaan maailmaa paremmaksi! Kest\u00e4v\u00e4t keikat on artisteille suunnattu ohjelma toiminnan kest\u00e4vyyden arvioimiseksi ja kehitt\u00e4miseksi. Syntyideasta ja motiiveista voit lukea tarkemmin t\u00e4\u00e4lt\u00e4. Konsepti on seuraava: voit ladata maksutta tarkistuslistan, jonka 50 kriteerin avulla p\u00e4\u00e4set tarkastelemaan toimintaasi ekologisen, sosiaalisen ja kulttuurisen kest\u00e4vyyden n\u00e4k\u00f6kulmasta. Lista ei ole kattava, ja se p\u00e4ivittyy [&hellip;]<\/p>\n","protected":false},"author":1,"featured_media":0,"parent":0,"menu_order":0,"comment_status":"closed","ping_status":"closed","template":"","meta":{"_themeisle_gutenberg_block_has_review":false,"footnotes":""},"class_list":["post-175","page","type-page","status-publish","hentry"],"_links":{"self":[{"href":"https:\/\/www.kestavatkeikat.fi\/index.php?rest_route=\/wp\/v2\/pages\/175","targetHints":{"allow":["GET"]}}],"collection":[{"href":"https:\/\/www.kestavatkeikat.fi\/index.php?rest_route=\/wp\/v2\/pages"}],"about":[{"href":"https:\/\/www.kestavatkeikat.fi\/index.php?rest_route=\/wp\/v2\/types\/page"}],"author":[{"embeddable":true,"href":"https:\/\/www.kestavatkeikat.fi\/index.php?rest_route=\/wp\/v2\/users\/1"}],"replies":[{"embeddable":true,"href":"https:\/\/www.kestavatkeikat.fi\/index.php?rest_route=%2Fwp%2Fv2%2Fcomments&post=175"}],"version-history":[{"count":19,"href":"https:\/\/www.kestavatkeikat.fi\/index.php?rest_route=\/wp\/v2\/pages\/175\/revisions"}],"predecessor-version":[{"id":450,"href":"https:\/\/www.kestavatkeikat.fi\/index.php?rest_route=\/wp\/v2\/pages\/175\/revisions\/450"}],"wp:attachment":[{"href":"https:\/\/www.kestavatkeikat.fi\/index.php?rest_route=%2Fwp%2Fv2%2Fmedia&parent=175"}],"curies":[{"name":"wp","href":"https:\/\/api.w.org\/{rel}","templated":true}]}}