{"id":171,"date":"2025-09-15T11:47:02","date_gmt":"2025-09-15T11:47:02","guid":{"rendered":"https:\/\/www.xn--kestvtkeikat-jcbb.fi\/?page_id=171"},"modified":"2025-09-24T07:56:27","modified_gmt":"2025-09-24T07:56:27","slug":"home","status":"publish","type":"page","link":"https:\/\/www.kestavatkeikat.fi\/","title":{"rendered":"Home"},"content":{"rendered":"\n<div class=\"wp-block-cover alignfull is-light hestia-clear-top-padding\"><span aria-hidden=\"true\" class=\"wp-block-cover__background has-white-background-color has-background-dim-100 has-background-dim\"><\/span><div class=\"wp-block-cover__inner-container is-layout-flow wp-block-cover-is-layout-flow\">\n<h2 class=\"wp-block-heading has-text-align-center has-text-color\" style=\"color:#3c4858\">Kest\u00e4vyyden osa-alueita<\/h2>\n\n\n\n<div style=\"height:40px\" aria-hidden=\"true\" class=\"wp-block-spacer\"><\/div>\n\n\n\n<div class=\"wp-block-columns container is-layout-flex wp-container-core-columns-is-layout-28f84493 wp-block-columns-is-layout-flex\">\n<div class=\"wp-block-column is-layout-flow wp-block-column-is-layout-flow\"><div class=\"wp-block-image\">\n<figure class=\"aligncenter size-large\"><img fetchpriority=\"high\" decoding=\"async\" width=\"1080\" height=\"720\" src=\"https:\/\/www.xn--kestvtkeikat-jcbb.fi\/wp-content\/uploads\/2025\/09\/image.jpg\" alt=\"\" class=\"wp-image-188\" srcset=\"https:\/\/www.kestavatkeikat.fi\/wp-content\/uploads\/2025\/09\/image.jpg 1080w, https:\/\/www.kestavatkeikat.fi\/wp-content\/uploads\/2025\/09\/image-300x200.jpg 300w, https:\/\/www.kestavatkeikat.fi\/wp-content\/uploads\/2025\/09\/image-1024x683.jpg 1024w, https:\/\/www.kestavatkeikat.fi\/wp-content\/uploads\/2025\/09\/image-768x512.jpg 768w, https:\/\/www.kestavatkeikat.fi\/wp-content\/uploads\/2025\/09\/image-360x240.jpg 360w\" sizes=\"(max-width: 1080px) 100vw, 1080px\" \/><\/figure><\/div>\n\n\n<h5 class=\"wp-block-heading has-text-align-center has-text-color\" style=\"color:#3c4858;font-size:18px\">Ekologinen<\/h5>\n\n\n\n<p class=\"has-text-align-center has-text-color\" style=\"color:#999999;font-size:14px\">Kest\u00e4vyydest\u00e4 puhuttaessa tulee ensimm\u00e4isen\u00e4 mieleen ekologinen kest\u00e4vyys. Tarkasteltavia osa-alueita ovat mm. matkustaminen, hankinnat ja energia.<\/p>\n\n\n\n<div style=\"height:25px\" aria-hidden=\"true\" class=\"wp-block-spacer\"><\/div>\n<\/div>\n\n\n\n<div class=\"wp-block-column is-layout-flow wp-block-column-is-layout-flow\"><div class=\"wp-block-image\">\n<figure class=\"aligncenter size-large\"><img decoding=\"async\" width=\"1080\" height=\"720\" src=\"https:\/\/www.xn--kestvtkeikat-jcbb.fi\/wp-content\/uploads\/2025\/09\/image-2.jpg\" alt=\"\" class=\"wp-image-190\" srcset=\"https:\/\/www.kestavatkeikat.fi\/wp-content\/uploads\/2025\/09\/image-2.jpg 1080w, https:\/\/www.kestavatkeikat.fi\/wp-content\/uploads\/2025\/09\/image-2-300x200.jpg 300w, https:\/\/www.kestavatkeikat.fi\/wp-content\/uploads\/2025\/09\/image-2-1024x683.jpg 1024w, https:\/\/www.kestavatkeikat.fi\/wp-content\/uploads\/2025\/09\/image-2-768x512.jpg 768w, https:\/\/www.kestavatkeikat.fi\/wp-content\/uploads\/2025\/09\/image-2-360x240.jpg 360w\" sizes=\"(max-width: 1080px) 100vw, 1080px\" \/><\/figure><\/div>\n\n\n<h5 class=\"wp-block-heading has-text-align-center has-text-color\" style=\"color:#3c4858;font-size:18px\">Sosiaalinen<\/h5>\n\n\n\n<p class=\"has-text-align-center has-text-color\" style=\"color:#999999;font-size:14px\">Meid\u00e4n t\u00e4ytyy luoda my\u00f6s sosiaalisesti kest\u00e4v\u00e4mp\u00e4\u00e4 maailmaa. T\u00e4m\u00e4n osion kysymykset mittaavat mm. eettisyytt\u00e4, saavutettavuutta ja vastuullisuutta. <\/p>\n\n\n\n<div style=\"height:25px\" aria-hidden=\"true\" class=\"wp-block-spacer\"><\/div>\n<\/div>\n\n\n\n<div class=\"wp-block-column is-layout-flow wp-block-column-is-layout-flow\"><div class=\"wp-block-image\">\n<figure class=\"aligncenter size-large\"><img decoding=\"async\" width=\"1080\" height=\"721\" src=\"https:\/\/www.xn--kestvtkeikat-jcbb.fi\/wp-content\/uploads\/2025\/09\/image-5.jpg\" alt=\"\" class=\"wp-image-193\" srcset=\"https:\/\/www.kestavatkeikat.fi\/wp-content\/uploads\/2025\/09\/image-5.jpg 1080w, https:\/\/www.kestavatkeikat.fi\/wp-content\/uploads\/2025\/09\/image-5-300x200.jpg 300w, https:\/\/www.kestavatkeikat.fi\/wp-content\/uploads\/2025\/09\/image-5-1024x684.jpg 1024w, https:\/\/www.kestavatkeikat.fi\/wp-content\/uploads\/2025\/09\/image-5-768x513.jpg 768w, https:\/\/www.kestavatkeikat.fi\/wp-content\/uploads\/2025\/09\/image-5-360x240.jpg 360w\" sizes=\"(max-width: 1080px) 100vw, 1080px\" \/><\/figure><\/div>\n\n\n<h5 class=\"wp-block-heading has-text-align-center has-text-color\" style=\"color:#3c4858;font-size:18px\">Kulttuurinen<\/h5>\n\n\n\n<p class=\"has-text-align-center has-text-color\" style=\"color:#999999;font-size:14px\">Vaikka ty\u00f6skentelemme kulttuurin parissa, emme muista aina kiinnitt\u00e4\u00e4 huomiota kaikkiin kulttuurisen kest\u00e4vyyden osa-alueisiin. Edist\u00e4\u00e4k\u00f6 toimintamme kulttuurista jatkuvuutta? Otammeko kantaa kulttuurin puolesta? <\/p>\n\n\n\n<div style=\"height:25px\" aria-hidden=\"true\" class=\"wp-block-spacer\"><\/div>\n<\/div>\n<\/div>\n\n\n\n<div style=\"height:40px\" aria-hidden=\"true\" class=\"wp-block-spacer\"><\/div>\n<\/div><\/div>\n\n\n\n<div class=\"wp-block-columns container is-layout-flex wp-container-core-columns-is-layout-28f84493 wp-block-columns-is-layout-flex\">\n<div class=\"wp-block-column col-md-5 is-layout-flow wp-block-column-is-layout-flow\">\n<div style=\"height:55px\" aria-hidden=\"true\" class=\"wp-block-spacer\"><\/div>\n\n\n\n<h2 class=\"wp-block-heading\">Kest\u00e4v\u00e4t keikat -ohjelma<\/h2>\n\n\n\n<p>Ohjelma perustuu itsearviointiin ja jatkuvaan kehitykseen. Itsearvioinnin apuna toimii maksuton tarkistuslista, johon lis\u00e4t\u00e4\u00e4n kriteerej\u00e4 s\u00e4\u00e4nn\u00f6llisesti. My\u00f6s itse ohjelma siis kehittyy. Halutessasi voit varata lis\u00e4ksi maksullisen auditoinnin, jossa k\u00e4ymme yhdess\u00e4 l\u00e4pi tarkistuslistaa. Auditoinnin l\u00e4p\u00e4isty\u00e4si saat k\u00e4ytt\u00e4\u00e4 Kest\u00e4v\u00e4t keikat -merkki\u00e4, jonka avulla osoitat my\u00f6s muille pyrkimyksesi luoda parempi maailma.<\/p>\n<\/div>\n\n\n\n<div class=\"wp-block-column col-md-6 col-md-offset1 is-layout-flow wp-block-column-is-layout-flow\">\n<div style=\"height:55px\" aria-hidden=\"true\" class=\"wp-block-spacer\"><\/div>\n\n\n\n<figure class=\"wp-block-image size-large\"><img decoding=\"async\" src=\"https:\/\/www.xn--kestvtkeikat-jcbb.fi\/wp-content\/themes\/hestia\/assets\/img\/about-content.png\" alt=\"\" class=\"wp-image-81\"\/><\/figure>\n\n\n\n<p><\/p>\n<\/div>\n<\/div>\n\n\n\n<p><\/p>\n","protected":false},"excerpt":{"rendered":"<p>Kest\u00e4v\u00e4t keikat -ohjelma Ohjelma perustuu itsearviointiin ja jatkuvaan kehitykseen. Itsearvioinnin apuna toimii maksuton tarkistuslista, johon lis\u00e4t\u00e4\u00e4n kriteerej\u00e4 s\u00e4\u00e4nn\u00f6llisesti. My\u00f6s itse ohjelma siis kehittyy. Halutessasi voit varata lis\u00e4ksi maksullisen auditoinnin, jossa k\u00e4ymme yhdess\u00e4 l\u00e4pi tarkistuslistaa. Auditoinnin l\u00e4p\u00e4isty\u00e4si saat k\u00e4ytt\u00e4\u00e4 Kest\u00e4v\u00e4t keikat -merkki\u00e4, jonka avulla osoitat my\u00f6s muille pyrkimyksesi luoda parempi maailma.<\/p>\n","protected":false},"author":1,"featured_media":99,"parent":0,"menu_order":0,"comment_status":"closed","ping_status":"closed","template":"","meta":{"_themeisle_gutenberg_block_has_review":false,"footnotes":""},"class_list":["post-171","page","type-page","status-publish","has-post-thumbnail","hentry"],"_links":{"self":[{"href":"https:\/\/www.kestavatkeikat.fi\/index.php?rest_route=\/wp\/v2\/pages\/171","targetHints":{"allow":["GET"]}}],"collection":[{"href":"https:\/\/www.kestavatkeikat.fi\/index.php?rest_route=\/wp\/v2\/pages"}],"about":[{"href":"https:\/\/www.kestavatkeikat.fi\/index.php?rest_route=\/wp\/v2\/types\/page"}],"author":[{"embeddable":true,"href":"https:\/\/www.kestavatkeikat.fi\/index.php?rest_route=\/wp\/v2\/users\/1"}],"replies":[{"embeddable":true,"href":"https:\/\/www.kestavatkeikat.fi\/index.php?rest_route=%2Fwp%2Fv2%2Fcomments&post=171"}],"version-history":[{"count":5,"href":"https:\/\/www.kestavatkeikat.fi\/index.php?rest_route=\/wp\/v2\/pages\/171\/revisions"}],"predecessor-version":[{"id":396,"href":"https:\/\/www.kestavatkeikat.fi\/index.php?rest_route=\/wp\/v2\/pages\/171\/revisions\/396"}],"wp:featuredmedia":[{"embeddable":true,"href":"https:\/\/www.kestavatkeikat.fi\/index.php?rest_route=\/wp\/v2\/media\/99"}],"wp:attachment":[{"href":"https:\/\/www.kestavatkeikat.fi\/index.php?rest_route=%2Fwp%2Fv2%2Fmedia&parent=171"}],"curies":[{"name":"wp","href":"https:\/\/api.w.org\/{rel}","templated":true}]}}